{"id":2358,"date":"2022-07-20T04:31:48","date_gmt":"2022-07-20T04:31:48","guid":{"rendered":"https:\/\/indravalleyinnbukitlawang.com\/?page_id=2358"},"modified":"2023-06-08T05:23:42","modified_gmt":"2023-06-08T05:23:42","slug":"review-indra-valley-room","status":"publish","type":"page","link":"https:\/\/indravalleyinnbukitlawang.com\/index.php\/review-indra-valley-room\/","title":{"rendered":"Review INDRA VALLEY  room"},"content":{"rendered":"\n\n\n<div class=\"wp-block-columns is-layout-flex wp-container-core-columns-is-layout-28f84493 wp-block-columns-is-layout-flex\">\n<div class=\"wp-block-column is-layout-flow wp-block-column-is-layout-flow\">\n<figure class=\"wp-block-image aligncenter is-resized\"><a href=\"https:\/\/www.airbnb.com\/users\/show\/144450887\" target=\"_blank\" rel=\"noreferrer noopener\"><img loading=\"lazy\" decoding=\"async\" src=\"https:\/\/a0.muscache.com\/im\/pictures\/user\/2b04b2f8-c245-4de1-a837-2ab13cad04d7.jpg?im_w=240\" alt=\"Sascha\" width=\"522\" height=\"392\"\/><\/a><figcaption class=\"wp-element-caption\"><strong>SASCHA<\/strong><\/figcaption><\/figure>\n\n\n\n<p class=\"has-text-align-center\"><a href=\"https:\/\/indravalleyinnbukitlawang.com\/index.php\/contact\/\">Obiwan<\/a> and his staff made our stay so great that we even extented for another night. They were really friendly and organized all special needs within one day. We sometimes felt like being part of a big family. The room is big, clean and you can always listen to the river and nature sounds from the beautiful terrace. We would definitely come back!<\/p>\n<\/div>\n<\/div>\n\n\n\n<div class=\"wp-block-columns is-layout-flex wp-container-core-columns-is-layout-28f84493 wp-block-columns-is-layout-flex\">\n<div class=\"wp-block-column is-layout-flow wp-block-column-is-layout-flow\">\n<figure class=\"wp-block-image aligncenter is-resized\"><a href=\"https:\/\/www.airbnb.com\/users\/show\/67609717\" target=\"_blank\" rel=\"noreferrer noopener\"><img loading=\"lazy\" decoding=\"async\" src=\"https:\/\/a0.muscache.com\/im\/pictures\/user\/57b5a902-abbb-4556-9e5e-1c8177f4a156.jpg?im_w=240\" alt=\"Mario\" width=\"523\" height=\"353\"\/><\/a><figcaption class=\"wp-element-caption\"><strong>MARIO<\/strong><\/figcaption><\/figure>\n\n\n\n<p class=\"has-text-align-center\">Great stay in an amazing place that we will really keep in our mind. The 2day-1night jungle trek was great and it was a really shaping experience. Also the elephant washing trip in Tangkahan was great.<br>Fully recommendation for everything:)<\/p>\n<\/div>\n<\/div>\n\n\n\n<div class=\"wp-block-columns is-layout-flex wp-container-core-columns-is-layout-28f84493 wp-block-columns-is-layout-flex\">\n<div class=\"wp-block-column is-layout-flow wp-block-column-is-layout-flow\">\n<figure class=\"wp-block-image aligncenter is-resized\"><a href=\"https:\/\/www.airbnb.com\/users\/show\/7381668\" target=\"_blank\" rel=\"noreferrer noopener\"><img loading=\"lazy\" decoding=\"async\" src=\"https:\/\/a0.muscache.com\/im\/users\/7381668\/profile_pic\/1439922594\/original.jpg?im_w=240\" alt=\"Zoe\" width=\"519\" height=\"691\"\/><\/a><figcaption class=\"wp-element-caption\"><strong>ZOE<\/strong><\/figcaption><\/figure>\n\n\n\n<p class=\"has-text-align-center\">This is such a fantastic place to stay in a beautiful location. Obiwan was so quick and comprehensive with his communication when planning our trek too, ensuring it suited us and our needs (with a 6 year old in toe). His guides were brilliant! We can\u2019t recommend his place enough. We would definitely return there!<\/p>\n<\/div>\n<\/div>\n\n\n\n<div class=\"wp-block-columns is-layout-flex wp-container-core-columns-is-layout-28f84493 wp-block-columns-is-layout-flex\">\n<div class=\"wp-block-column is-layout-flow wp-block-column-is-layout-flow\">\n<figure class=\"wp-block-image aligncenter is-resized\"><a href=\"https:\/\/www.airbnb.com\/users\/show\/90943097\" target=\"_blank\" rel=\"noreferrer noopener\"><img loading=\"lazy\" decoding=\"async\" src=\"https:\/\/a0.muscache.com\/im\/pictures\/user\/0480dcde-d039-4bf1-8945-b523fac11c4a.jpg?im_w=240\" alt=\"Mart-Jan\" width=\"519\" height=\"519\"\/><\/a><figcaption class=\"wp-element-caption\"><strong>MART-JAN<\/strong><\/figcaption><\/figure>\n\n\n\n<p class=\"has-text-align-center\">Obiwan and the rest of the staff helped us with everything. We booked the Jungleview deluxe room and it was very spacious and comfy.<br>The location is fantastic, we were even able to see an orangutan from the terrace.<br>The food is amazing, they had everything we ordered!<\/p>\n<\/div>\n<\/div>\n\n\n\n<div class=\"wp-block-columns is-layout-flex wp-container-core-columns-is-layout-28f84493 wp-block-columns-is-layout-flex\">\n<div class=\"wp-block-column is-layout-flow wp-block-column-is-layout-flow\">\n<figure class=\"wp-block-image aligncenter is-resized\"><a href=\"https:\/\/www.airbnb.com\/users\/show\/396421603\" target=\"_blank\" rel=\"noreferrer noopener\"><img loading=\"lazy\" decoding=\"async\" src=\"https:\/\/a0.muscache.com\/im\/pictures\/user\/d6305d18-8578-44ff-a841-e0d74a4ddef6.jpg?im_w=240\" alt=\"Arpad\" width=\"521\" height=\"521\"\/><\/a><figcaption class=\"wp-element-caption\"><strong>ARPAD<\/strong><\/figcaption><\/figure>\n\n\n\n<p class=\"has-text-align-center\">the room is great with a stunning view to the jungle and is right next to the river. can only recommend<\/p>\n<\/div>\n<\/div>\n\n\n\n<div class=\"wp-block-columns is-layout-flex wp-container-core-columns-is-layout-28f84493 wp-block-columns-is-layout-flex\">\n<div class=\"wp-block-column is-layout-flow wp-block-column-is-layout-flow\">\n<figure class=\"wp-block-image aligncenter is-resized\"><a href=\"https:\/\/www.airbnb.com\/users\/show\/115463254\" target=\"_blank\" rel=\"noreferrer noopener\"><img loading=\"lazy\" decoding=\"async\" src=\"https:\/\/a0.muscache.com\/im\/pictures\/user\/0aef1a87-b3c3-436d-9f60-01f251c77280.jpg?im_w=240\" alt=\"Kristina\" width=\"520\" height=\"688\"\/><\/a><figcaption class=\"wp-element-caption\"><strong>KRISTINA<\/strong><\/figcaption><\/figure>\n\n\n\n<p class=\"has-text-align-center\">Very nice and super clean rooms. Bukit Lawang is beautiful. Very helpful host. Obiwan organized everything for me (Jungle trekking, transport via tourist bus&#8230;) And the food in his restaurant is just delicious! Try the pumpkin curry! \ud83d\ude09 To sum it up: Couldn&#8217;t be any better. Thank you very much!<\/p>\n<\/div>\n<\/div>\n\n\n\n<div class=\"wp-block-columns is-layout-flex wp-container-core-columns-is-layout-28f84493 wp-block-columns-is-layout-flex\">\n<div class=\"wp-block-column is-layout-flow wp-block-column-is-layout-flow\">\n<figure class=\"wp-block-image aligncenter is-resized\"><a href=\"https:\/\/www.airbnb.com\/users\/show\/187224456\" target=\"_blank\" rel=\"noreferrer noopener\"><img loading=\"lazy\" decoding=\"async\" src=\"https:\/\/a0.muscache.com\/im\/pictures\/user\/c99351a0-ce00-4c93-9474-8dc7fde52ac2.jpg?im_w=240\" alt=\"Steve\" width=\"520\" height=\"642\"\/><\/a><figcaption class=\"wp-element-caption\"><strong>STEVE<\/strong><\/figcaption><\/figure>\n\n\n\n<p class=\"has-text-align-center\">We had two nights in this housing and it was great! The room is big, comfortable and really clean. The stuff is kind and the breakfast and dinner (not included) is very tasty!<br>We also booked a 2 days 1 night jungle treck over obiwan. The treck was just amazing! It is such an great experience! We see a lot of orangutans and other wild animals. We would recommend it to 100%!<\/p>\n<\/div>\n<\/div>\n\n\n\n<div class=\"wp-block-columns is-layout-flex wp-container-core-columns-is-layout-28f84493 wp-block-columns-is-layout-flex\">\n<div class=\"wp-block-column is-layout-flow wp-block-column-is-layout-flow\">\n<figure class=\"wp-block-image aligncenter is-resized\"><a href=\"https:\/\/www.airbnb.com\/users\/show\/191674843\" target=\"_blank\" rel=\"noreferrer noopener\"><img loading=\"lazy\" decoding=\"async\" src=\"https:\/\/a0.muscache.com\/im\/pictures\/user\/f42a14c3-5374-4df6-8ec6-60dc972f0e55.jpg?im_w=240\" alt=\"Wiebke\" width=\"519\" height=\"692\"\/><\/a><figcaption class=\"wp-element-caption\"><strong>WIEBKE<\/strong><\/figcaption><\/figure>\n\n\n\n<p class=\"has-text-align-center\">Enjoyed the stay at Indra Valley Inn. The room was really nice and the restaurant offered a great variety of food. The jungle trek that was offered was also very enjoyable. However, especially for check-out the presence of the host would have been great. Other than that everything was great!<\/p>\n<\/div>\n<\/div>\n\n\n\n<div class=\"wp-block-columns is-layout-flex wp-container-core-columns-is-layout-28f84493 wp-block-columns-is-layout-flex\">\n<div class=\"wp-block-column is-layout-flow wp-block-column-is-layout-flow\">\n<figure class=\"wp-block-image aligncenter is-resized\"><a href=\"https:\/\/www.airbnb.com\/users\/show\/139052984\" target=\"_blank\" rel=\"noreferrer noopener\"><img loading=\"lazy\" decoding=\"async\" src=\"https:\/\/a0.muscache.com\/im\/pictures\/user\/f5dfa980-81b8-47c7-87f7-3707a4fbba45.jpg?im_w=240\" alt=\"Marie Christin room\" width=\"521\" height=\"521\"\/><\/a><figcaption class=\"wp-element-caption\"><strong>MARIE CHRISTIN<\/strong><\/figcaption><\/figure>\n\n\n\n<p class=\"has-text-align-center\">Das Zimmer war ok. Richtig toll war unsere 2 Tages Trekking Tour durch den Jungle, die wir \u00fcber Local Guides gebucht haben. Es war einfach der Wahnsinn! Jungle Eddie hat alles bestens organisiert. \u00dcber Local Guides ist \u00fcbrigens auch der Trosport nach Bukit Lawang und zum Flughafen hin preiswerter. Wir zahl (Phone number hidden by Airbnb) Privatauto). Bei Obiwan waren es (Phone number hidden by Airbnb) Wir werden diesen Tripp nie vergessen.<\/p>\n<\/div>\n<\/div>\n\n\n\n<div class=\"wp-block-columns is-layout-flex wp-container-core-columns-is-layout-28f84493 wp-block-columns-is-layout-flex\">\n<div class=\"wp-block-column is-layout-flow wp-block-column-is-layout-flow\">\n<p><a href=\"https:\/\/info.flagcounter.com\/8ous\"><img decoding=\"async\" src=\"https:\/\/s11.flagcounter.com\/count2\/8ous\/bg_FFFFFF\/txt_000000\/border_CCCCCC\/columns_2\/maxflags_10\/viewers_0\/labels_0\/pageviews_0\/flags_0\/percent_0\/\" alt=\"Flag Counter\" border=\"0\"><\/a><\/p>\n<\/div>\n\n\n\n<div class=\"wp-block-column is-layout-flow wp-block-column-is-layout-flow\">\n<figure class=\"wp-block-image size-large is-resized\"><a href=\"https:\/\/www.airbnb.co.id\/rooms\/13046729?check_in=2022-07-22&amp;check_out=2022-08-02&amp;federated_search_id=7614c3ea-ca74-4637-b600-0e24b77f0f69&amp;source_impression_id=p3_1658423865_udhqToWHOatCfRlu\"><img loading=\"lazy\" decoding=\"async\" src=\"https:\/\/indravalleyinnbukitlawang.com\/wp-content\/uploads\/2022\/07\/R-1024x683.jpg\" alt=\"Jungle trekking Indra Valley Bukit Lawang\" class=\"wp-image-2381\" width=\"273\" height=\"182\" srcset=\"https:\/\/indravalleyinnbukitlawang.com\/wp-content\/uploads\/2022\/07\/R-1024x683.jpg 1024w, https:\/\/indravalleyinnbukitlawang.com\/wp-content\/uploads\/2022\/07\/R-300x200.jpg 300w, https:\/\/indravalleyinnbukitlawang.com\/wp-content\/uploads\/2022\/07\/R-768x512.jpg 768w, https:\/\/indravalleyinnbukitlawang.com\/wp-content\/uploads\/2022\/07\/R.jpg 1300w\" sizes=\"auto, (max-width: 273px) 100vw, 273px\" \/><\/a><\/figure>\n<\/div>\n\n\n\n<div class=\"wp-block-column is-layout-flow wp-block-column-is-layout-flow\">\n<figure class=\"wp-block-image size-large\"><a href=\"https:\/\/www.booking.com\/hotel\/id\/indra-valley-inn.en-gb.html?aid=357028&amp;label=bin859jc-1DCAsoaEIQaW5kcmEtdmFsbGV5LWlubkgzWANoaIgBAZgBCbgBF8gBDNgBA-gBAYgCAagCA7gCyoXmlgbAAgHSAiQwYTk4NWIyZi00NzhiLTQ3MTUtYWFmYy0yOTg4MGVjM2I4YzjYAgTgAgE&amp;sid=c404d2f8fbb9a41ff471bd03f47792b9&amp;dist=0&amp;keep_landing=1&amp;sb_price_type=total&amp;type=total&amp;#tab-main\"><img loading=\"lazy\" decoding=\"async\" width=\"1024\" height=\"585\" src=\"https:\/\/indravalleyinnbukitlawang.com\/wp-content\/uploads\/2022\/07\/Booking-1024x585.webp\" alt=\"\" class=\"wp-image-2375\" srcset=\"https:\/\/indravalleyinnbukitlawang.com\/wp-content\/uploads\/2022\/07\/Booking-1024x585.webp 1024w, https:\/\/indravalleyinnbukitlawang.com\/wp-content\/uploads\/2022\/07\/Booking-300x171.webp 300w, https:\/\/indravalleyinnbukitlawang.com\/wp-content\/uploads\/2022\/07\/Booking-768x439.webp 768w, https:\/\/indravalleyinnbukitlawang.com\/wp-content\/uploads\/2022\/07\/Booking-1536x878.webp 1536w, https:\/\/indravalleyinnbukitlawang.com\/wp-content\/uploads\/2022\/07\/Booking.webp 2000w\" sizes=\"auto, (max-width: 1024px) 100vw, 1024px\" \/><\/a><\/figure>\n<\/div>\n\n\n\n<div class=\"wp-block-column is-layout-flow wp-block-column-is-layout-flow\">\n<div id=\"TA_certificateOfExcellence948\" class=\"TA_certificateOfExcellence\"><ul id=\"dcXaWkoQv\" class=\"TA_links DMS9Zbz\"><li id=\"VIGCe5Z\" class=\"wmbdcOFrl\"><a target=\"_blank\" href=\"https:\/\/www.tripadvisor.com\/Hotel_Review-g680012-d2702060-Reviews-Indra_Valley_Inn_Bukit_Lawang-Bukit_Lawang_North_Sumatra_Sumatra.html\" rel=\"noopener\"><img decoding=\"async\" src=\"https:\/\/www.tripadvisor.com\/img\/cdsi\/img2\/awards\/v2\/coe-14348-2.png\" alt=\"TripAdvisor\" class=\"widCOEImg\" id=\"CDSWIDCOELOGO\"\/><\/a><\/li><\/ul><\/div><script async src=\"https:\/\/www.jscache.com\/wejs?wtype=certificateOfExcellence&amp;uniq=948&amp;locationId=2702060&amp;lang=en_US&amp;year=2018&amp;display_version=2\" data-loadtrk onload=\"this.loadtrk=true\"><\/script>\n<\/div>\n\n\n\n<div class=\"wp-block-column is-layout-flow wp-block-column-is-layout-flow\">\n<div id=\"TA_cdswritereviewlg343\" class=\"TA_cdswritereviewlg\"><ul id=\"JC4MMUhbrY\" class=\"TA_links cOyerD\"><li id=\"d0hkrYd\" class=\"tDuuGAWJp9jZ\"><a target=\"_blank\" href=\"https:\/\/www.tripadvisor.com\/Hotel_Review-g680012-d2702060-Reviews-Indra_Valley_Inn_Bukit_Lawang-Bukit_Lawang_North_Sumatra_Sumatra.html\" rel=\"noopener\"><img decoding=\"async\" src=\"https:\/\/static.tacdn.com\/img2\/brand_refresh\/Tripadvisor_lockup_horizontal_secondary_registered.svg\" alt=\"TripAdvisor\"><\/a><\/li><\/ul><\/div><script async=\"\" src=\"https:\/\/www.jscache.com\/wejs?wtype=cdswritereviewlg&amp;uniq=343&amp;locationId=2702060&amp;lang=en_US&amp;lang=en_US&amp;display_version=2\" data-loadtrk=\"\" onload=\"this.loadtrk=true\"><\/script>\n<\/div>\n<\/div>\n","protected":false},"excerpt":{"rendered":"<p>Obiwan and his staff made our stay so great that we even extented for another night. They were really friendly and organized all special needs within one day. We sometimes felt like being part of a big family. The room is big, clean and you can always listen to the river and nature sounds from [&hellip;]<\/p>\n","protected":false},"author":1,"featured_media":0,"parent":0,"menu_order":0,"comment_status":"closed","ping_status":"closed","template":"","meta":{"_uag_custom_page_level_css":"","site-sidebar-layout":"no-sidebar","site-content-layout":"page-builder","ast-site-content-layout":"default","site-content-style":"default","site-sidebar-style":"default","ast-global-header-display":"","ast-banner-title-visibility":"","ast-main-header-display":"","ast-hfb-above-header-display":"","ast-hfb-below-header-display":"","ast-hfb-mobile-header-display":"","site-post-title":"disabled","ast-breadcrumbs-content":"","ast-featured-img":"","footer-sml-layout":"","ast-disable-related-posts":"","theme-transparent-header-meta":"","adv-header-id-meta":"","stick-header-meta":"","header-above-stick-meta":"","header-main-stick-meta":"","header-below-stick-meta":"","astra-migrate-meta-layouts":"default","ast-page-background-enabled":"default","ast-page-background-meta":{"desktop":{"background-color":"","background-image":"","background-repeat":"repeat","background-position":"center center","background-size":"auto","background-attachment":"scroll","background-type":"","background-media":"","overlay-type":"","overlay-color":"","overlay-opacity":"","overlay-gradient":""},"tablet":{"background-color":"","background-image":"","background-repeat":"repeat","background-position":"center center","background-size":"auto","background-attachment":"scroll","background-type":"","background-media":"","overlay-type":"","overlay-color":"","overlay-opacity":"","overlay-gradient":""},"mobile":{"background-color":"","background-image":"","background-repeat":"repeat","background-position":"center center","background-size":"auto","background-attachment":"scroll","background-type":"","background-media":"","overlay-type":"","overlay-color":"","overlay-opacity":"","overlay-gradient":""}},"ast-content-background-meta":{"desktop":{"background-color":"var(--ast-global-color-5)","background-image":"","background-repeat":"repeat","background-position":"center center","background-size":"auto","background-attachment":"scroll","background-type":"","background-media":"","overlay-type":"","overlay-color":"","overlay-opacity":"","overlay-gradient":""},"tablet":{"background-color":"var(--ast-global-color-5)","background-image":"","background-repeat":"repeat","background-position":"center center","background-size":"auto","background-attachment":"scroll","background-type":"","background-media":"","overlay-type":"","overlay-color":"","overlay-opacity":"","overlay-gradient":""},"mobile":{"background-color":"var(--ast-global-color-5)","background-image":"","background-repeat":"repeat","background-position":"center center","background-size":"auto","background-attachment":"scroll","background-type":"","background-media":"","overlay-type":"","overlay-color":"","overlay-opacity":"","overlay-gradient":""}},"_joinchat":[],"footnotes":""},"class_list":["post-2358","page","type-page","status-publish","hentry"],"aioseo_notices":[],"uagb_featured_image_src":{"full":false,"thumbnail":false,"medium":false,"medium_large":false,"large":false,"RoboGalleryMansoryImagesCenter":false,"RoboGalleryPreload":false,"1536x1536":false,"2048x2048":false},"uagb_author_info":{"display_name":"obiwanvalley@gmail.com","author_link":"https:\/\/indravalleyinnbukitlawang.com\/index.php\/author\/obiwanvalleygmail-com\/"},"uagb_comment_info":0,"uagb_excerpt":"Obiwan and his staff made our stay so great that we even extented for another night. They were really friendly and organized all special needs within one day. We sometimes felt like being part of a big family. The room is big, clean and you can always listen to the river and nature sounds from&hellip;","_links":{"self":[{"href":"https:\/\/indravalleyinnbukitlawang.com\/index.php\/wp-json\/wp\/v2\/pages\/2358","targetHints":{"allow":["GET"]}}],"collection":[{"href":"https:\/\/indravalleyinnbukitlawang.com\/index.php\/wp-json\/wp\/v2\/pages"}],"about":[{"href":"https:\/\/indravalleyinnbukitlawang.com\/index.php\/wp-json\/wp\/v2\/types\/page"}],"author":[{"embeddable":true,"href":"https:\/\/indravalleyinnbukitlawang.com\/index.php\/wp-json\/wp\/v2\/users\/1"}],"replies":[{"embeddable":true,"href":"https:\/\/indravalleyinnbukitlawang.com\/index.php\/wp-json\/wp\/v2\/comments?post=2358"}],"version-history":[{"count":0,"href":"https:\/\/indravalleyinnbukitlawang.com\/index.php\/wp-json\/wp\/v2\/pages\/2358\/revisions"}],"wp:attachment":[{"href":"https:\/\/indravalleyinnbukitlawang.com\/index.php\/wp-json\/wp\/v2\/media?parent=2358"}],"curies":[{"name":"wp","href":"https:\/\/api.w.org\/{rel}","templated":true}]}}